{"id":28762,"date":"2021-12-30T09:09:40","date_gmt":"2021-12-30T09:09:40","guid":{"rendered":"https:\/\/heldermendes.com\/web\/?page_id=28762"},"modified":"2022-09-08T11:26:22","modified_gmt":"2022-09-08T10:26:22","slug":"contactos","status":"publish","type":"page","link":"http:\/\/heldermendes.com\/web\/en\/helder-mendes\/contactos\/","title":{"rendered":"Contacts"},"content":{"rendered":"\t\t<div data-elementor-type=\"wp-page\" data-elementor-id=\"28762\" class=\"elementor elementor-28762\">\n\t\t\t\t\t\t<section class=\"has_ma_el_bg_slider elementor-section elementor-top-section elementor-element elementor-element-daa8a18 elementor-section-boxed elementor-section-height-default elementor-section-height-default jltma-glass-effect-no\" data-id=\"daa8a18\" data-element_type=\"section\" data-settings=\"{&quot;ekit_has_onepagescroll_dot&quot;:&quot;yes&quot;}\">\n\t\t\t\t\t\t<div class=\"elementor-container elementor-column-gap-default\">\n\t\t\t\t\t<div class=\"has_ma_el_bg_slider elementor-column elementor-col-100 elementor-top-column elementor-element elementor-element-21e2250 jltma-glass-effect-no\" data-id=\"21e2250\" data-element_type=\"column\">\n\t\t\t<div class=\"elementor-widget-wrap elementor-element-populated\">\n\t\t\t\t\t\t<div class=\"elementor-element elementor-element-5644dc3 jltma-glass-effect-no elementor-widget elementor-widget-heading\" data-id=\"5644dc3\" data-element_type=\"widget\" data-settings=\"{&quot;ekit_we_effect_on&quot;:&quot;none&quot;}\" data-widget_type=\"heading.default\">\n\t\t\t\t<div class=\"elementor-widget-container\">\n\t\t\t<style>\/*! elementor - v3.23.0 - 05-08-2024 *\/\n.elementor-heading-title{padding:0;margin:0;line-height:1}.elementor-widget-heading .elementor-heading-title[class*=elementor-size-]>a{color:inherit;font-size:inherit;line-height:inherit}.elementor-widget-heading .elementor-heading-title.elementor-size-small{font-size:15px}.elementor-widget-heading .elementor-heading-title.elementor-size-medium{font-size:19px}.elementor-widget-heading .elementor-heading-title.elementor-size-large{font-size:29px}.elementor-widget-heading .elementor-heading-title.elementor-size-xl{font-size:39px}.elementor-widget-heading .elementor-heading-title.elementor-size-xxl{font-size:59px}<\/style><h1 class=\"elementor-heading-title elementor-size-default\">Contactos<\/h1>\t\t<\/div>\n\t\t\t\t<\/div>\n\t\t\t\t\t<\/div>\n\t\t<\/div>\n\t\t\t\t\t<\/div>\n\t\t<\/section>\n\t\t\t\t<section class=\"has_ma_el_bg_slider elementor-section elementor-top-section elementor-element elementor-element-32d13c8 elementor-section-content-middle elementor-section-boxed elementor-section-height-default elementor-section-height-default jltma-glass-effect-no\" data-id=\"32d13c8\" data-element_type=\"section\" data-settings=\"{&quot;ekit_has_onepagescroll_dot&quot;:&quot;yes&quot;}\">\n\t\t\t\t\t\t<div class=\"elementor-container elementor-column-gap-no\">\n\t\t\t\t\t<div class=\"has_ma_el_bg_slider elementor-column elementor-col-100 elementor-top-column elementor-element elementor-element-518bccc jltma-glass-effect-no\" data-id=\"518bccc\" data-element_type=\"column\">\n\t\t\t<div class=\"elementor-widget-wrap elementor-element-populated\">\n\t\t\t\t\t\t<div class=\"elementor-element elementor-element-8449de0 pp-info-list-icon-vertical-top pp-info-list-icon-left jltma-glass-effect-no elementor-widget elementor-widget-pp-info-list\" data-id=\"8449de0\" data-element_type=\"widget\" data-settings=\"{&quot;ekit_we_effect_on&quot;:&quot;none&quot;}\" data-widget_type=\"pp-info-list.default\">\n\t\t\t\t<div class=\"elementor-widget-container\">\n\t\t\t\t\t<div class=\"pp-info-list-container pp-list-container pp-info-list-connector\">\n\t\t\t<ul class=\"pp-list-items\">\n\t\t\t\t\t\t\t\t\t\t\t\t\t\t\t<li class=\"pp-info-list-item\">\n\t\t\t\t\t\t\t<div class=\"pp-info-list-item-inner\">\n\t\t\t\t\t\t\t\t\t\t<div class=\"pp-infolist-icon-wrapper\">\n\t\t\t\t\t\t\t\t\t\t<span class=\"pp-info-list-icon pp-icon \">\n\t\t\t\t\t\t\t<i aria-hidden=\"true\" class=\"icon icon-home\"><\/i>\t\t\t\t\t\t<\/span>\n\t\t\t\t\t\t\t\t\t<\/div>\n\t\t\t\t\t\t\t\t\t\t<div class=\"pp-infolist-content-wrapper\">\n\t\t\t\t\t\t\t\t\t\t\t\t\t\t\t\t\t\t\t\t\t\t\t\t\t<div class=\"pp-info-list-title\">\n\t\t\t\t\t\t\t\t\t\t\t\t\t\t\t\t\t\t\tAvenida Central de Seroa, 323\t\t\t\t\t\t\t\t\t\t\t\t\t\t\t\t\t\t<\/div>\n\t\t\t\t\t\t\t\t\t\t\t\t\t\t\t\t\t\t\t\t\t\t\t\t\t<div class=\"pp-info-list-description\">\n\t\t\t\t\t\t\t\t\t\t4595-415 Pa\u00e7os de Ferreira, Portugal\n\t\t\t\t\t\t\t\t\t<\/div>\n\t\t\t\t\t\t\t\t\t\t\t\t\t\t\t\t\t\t\t\t\t\t\t\t\t\t\t\t\t\t\t\t<\/div>\n\t\t\t\t\t\t\t<\/div>\n\t\t\t\t\t\t<\/li>\n\t\t\t\t\t\t\t\t\t\t\t\t\t\t\t\t\t\t\t\t\t<li class=\"pp-info-list-item\">\n\t\t\t\t\t\t\t<div class=\"pp-info-list-item-inner\">\n\t\t\t\t\t\t\t\t\t\t<div class=\"pp-infolist-icon-wrapper\">\n\t\t\t\t\t\t\t\t\t\t<span class=\"pp-info-list-icon pp-icon \">\n\t\t\t\t\t\t\t<i aria-hidden=\"true\" class=\"icon icon-phone-handset\"><\/i>\t\t\t\t\t\t<\/span>\n\t\t\t\t\t\t\t\t\t<\/div>\n\t\t\t\t\t\t\t\t\t\t<div class=\"pp-infolist-content-wrapper\">\n\t\t\t\t\t\t\t\t\t\t\t\t\t\t\t\t\t\t\t\t\t\t\t\t\t<div class=\"pp-info-list-title\">\n\t\t\t\t\t\t\t\t\t\t\t\t\t\t\t\t\t\t\t+351 917 076 437\t\t\t\t\t\t\t\t\t\t\t\t\t\t\t\t\t\t<\/div>\n\t\t\t\t\t\t\t\t\t\t\t\t\t\t\t\t\t\t\t\t\t\t\t\t\t<div class=\"pp-info-list-description\">\n\t\t\t\t\t\t\t\t\t\t(chamada para rede m\u00f3vel nacional)\t\t\t\t\t\t\t\t\t<\/div>\n\t\t\t\t\t\t\t\t\t\t\t\t\t\t\t\t\t\t\t\t\t\t\t\t\t\t\t\t\t\t\t\t<\/div>\n\t\t\t\t\t\t\t<\/div>\n\t\t\t\t\t\t<\/li>\n\t\t\t\t\t\t\t\t\t\t\t\t\t\t\t\t\t\t\t\t\t<li class=\"pp-info-list-item\">\n\t\t\t\t\t\t\t<div class=\"pp-info-list-item-inner\">\n\t\t\t\t\t\t\t\t\t\t<div class=\"pp-infolist-icon-wrapper\">\n\t\t\t\t\t\t\t\t\t\t<span class=\"pp-info-list-icon pp-icon \">\n\t\t\t\t\t\t\t<i aria-hidden=\"true\" class=\"elementor-icons eicon-email-field\"><\/i>\t\t\t\t\t\t<\/span>\n\t\t\t\t\t\t\t\t\t<\/div>\n\t\t\t\t\t\t\t\t\t\t<div class=\"pp-infolist-content-wrapper\">\n\t\t\t\t\t\t\t\t\t\t\t\t\t\t\t\t\t\t\t\t\t\t\t\t\t<div class=\"pp-info-list-title\">\n\t\t\t\t\t\t\t\t\t\t\t\t\t\t\t\t\t\t\thelder@heldermendes.com\t\t\t\t\t\t\t\t\t\t\t\t\t\t\t\t\t\t<\/div>\n\t\t\t\t\t\t\t\t\t\t\t\t\t\t\t\t\t\t\t\t\t\t\t\t\t\t\t\t\t\t\t\t\t\t\t\t\t\t\t<\/div>\n\t\t\t\t\t\t\t<\/div>\n\t\t\t\t\t\t<\/li>\n\t\t\t\t\t\t\t\t\t\t\t\t\t<\/ul>\n\t\t<\/div>\n\t\t\t\t<\/div>\n\t\t\t\t<\/div>\n\t\t\t\t<div class=\"elementor-element elementor-element-a3165b8 pp-wpforms-labels-yes pp-wpforms-form-button-custom jltma-glass-effect-no elementor-widget elementor-widget-pp-wpforms\" data-id=\"a3165b8\" data-element_type=\"widget\" data-settings=\"{&quot;ekit_we_effect_on&quot;:&quot;none&quot;}\" data-widget_type=\"pp-wpforms.default\">\n\t\t\t\t<div class=\"elementor-widget-container\">\n\t\t\t\t\t\t\t<div class=\"pp-contact-form pp-wpforms\">\n\t\t\t\t\t\t\t\t\t\t<div class=\"wpforms-container wpforms-container-full\" id=\"wpforms-28761\"><form id=\"wpforms-form-28761\" class=\"wpforms-validate wpforms-form\" data-formid=\"28761\" method=\"post\" enctype=\"multipart\/form-data\" action=\"\/web\/en\/wp-json\/wp\/v2\/pages\/28762\" data-token=\"ca2593b859537b4244f2b40373a351ed\"><div class=\"wpforms-head-container\"><\/div><noscript class=\"wpforms-error-noscript\">Please enable JavaScript in your browser to complete this form.<\/noscript><div class=\"wpforms-field-container\"><div id=\"wpforms-28761-field_0-container\" class=\"wpforms-field wpforms-field-name\" data-field-id=\"0\"><label class=\"wpforms-field-label wpforms-label-hide\" for=\"wpforms-28761-field_0\">Nome <span class=\"wpforms-required-label\">*<\/span><\/label><input type=\"text\" id=\"wpforms-28761-field_0\" class=\"wpforms-field-large wpforms-field-required\" name=\"wpforms[fields][0]\" placeholder=\"Nome *\" required><\/div><div id=\"wpforms-28761-field_2-container\" class=\"wpforms-field wpforms-field-phone wpforms-one-half wpforms-first\" data-field-id=\"2\"><label class=\"wpforms-field-label wpforms-label-hide\" for=\"wpforms-28761-field_2\">Contacto<\/label><input type=\"tel\" id=\"wpforms-28761-field_2\" class=\"wpforms-field-large wpforms-smart-phone-field\" data-rule-smart-phone-field=\"true\" name=\"wpforms[fields][2]\" placeholder=\"Contacto\" ><\/div><div id=\"wpforms-28761-field_1-container\" class=\"wpforms-field wpforms-field-email wpforms-one-half\" data-field-id=\"1\"><label class=\"wpforms-field-label wpforms-label-hide\" for=\"wpforms-28761-field_1\">Email <span class=\"wpforms-required-label\">*<\/span><\/label><input type=\"email\" id=\"wpforms-28761-field_1\" class=\"wpforms-field-large wpforms-field-required\" name=\"wpforms[fields][1]\" placeholder=\"Email *\" required><\/div><div id=\"wpforms-28761-field_6-container\" class=\"wpforms-field wpforms-field-text\" data-field-id=\"6\"><label class=\"wpforms-field-label wpforms-label-hide\" for=\"wpforms-28761-field_6\">Assunto <span class=\"wpforms-required-label\">*<\/span><\/label><input type=\"text\" id=\"wpforms-28761-field_6\" class=\"wpforms-field-large wpforms-field-required\" name=\"wpforms[fields][6]\" placeholder=\"Assunto *\" required><\/div><div id=\"wpforms-28761-field_5-container\" class=\"wpforms-field wpforms-field-textarea\" data-field-id=\"5\"><label class=\"wpforms-field-label wpforms-label-hide\" for=\"wpforms-28761-field_5\">Mensagem <span class=\"wpforms-required-label\">*<\/span><\/label><textarea id=\"wpforms-28761-field_5\" class=\"wpforms-field-large wpforms-field-required\" name=\"wpforms[fields][5]\" placeholder=\"Mensagem *\" required><\/textarea><\/div><div id=\"wpforms-28761-field_3-container\" class=\"wpforms-field wpforms-field-checkbox\" data-field-id=\"3\"><label class=\"wpforms-field-label wpforms-label-hide\" for=\"wpforms-28761-field_3\">Aceita\u00e7\u00e3o <span class=\"wpforms-required-label\">*<\/span><\/label><ul id=\"wpforms-28761-field_3\" class=\"wpforms-field-required\"><li class=\"choice-1 depth-1\"><input type=\"checkbox\" id=\"wpforms-28761-field_3_1\" name=\"wpforms[fields][3][]\" value=\"* Confirmo que autorizo a utiliza\u00e7\u00e3o dos dados enviados para efeito de resposta.\" required ><label class=\"wpforms-field-label-inline\" for=\"wpforms-28761-field_3_1\">* Confirmo que autorizo a utiliza\u00e7\u00e3o dos dados enviados para efeito de resposta.<\/label><\/li><\/ul><\/div><div id=\"wpforms-28761-field_4-container\" class=\"wpforms-field wpforms-field-html\" data-field-id=\"4\"><div id=\"wpforms-28761-field_4\">Os campos assinalados com * s\u00e3o de preenchimento obrigat\u00f3rio.<\/div><\/div><\/div><div class=\"wpforms-submit-container\"><input type=\"hidden\" name=\"wpforms[id]\" value=\"28761\"><input type=\"hidden\" name=\"wpforms[author]\" value=\"2\"><button type=\"submit\" name=\"wpforms[submit]\" id=\"wpforms-submit-28761\" class=\"wpforms-submit\" data-alt-text=\"A enviar\" data-submit-text=\"Enviar\" aria-live=\"assertive\" value=\"wpforms-submit\">Enviar<\/button><\/div><\/form><\/div>  <!-- .wpforms-container -->\t\t\t\t<\/div>\n\t\t\t\t\t\t<\/div>\n\t\t\t\t<\/div>\n\t\t\t\t\t<\/div>\n\t\t<\/div>\n\t\t\t\t\t<\/div>\n\t\t<\/section>\n\t\t\t\t<\/div>\n\t\t","protected":false},"excerpt":{"rendered":"<p>Avenida Central de Seroa, 323 4595-415 Pa\u00e7os de Ferreira, Portugal +351 917 076 437 (chamada para rede m\u00f3vel nacional) helder@heldermendes.com Please enable JavaScript in your browser to complete this form.Nome *ContactoEmail *Assunto *Mensagem *Aceita\u00e7\u00e3o * * Confirmo que autorizo a utiliza\u00e7\u00e3o dos dados enviados para efeito de resposta. Os campos assinalados com * s\u00e3o de [&hellip;]<\/p>\n","protected":false},"author":2,"featured_media":0,"parent":28577,"menu_order":6,"comment_status":"closed","ping_status":"closed","template":"elementor_header_footer","meta":[],"acf":[],"yoast_head":"<!-- This site is optimized with the Yoast SEO Premium plugin v19.2.1 (Yoast SEO v20.6) - https:\/\/yoast.com\/wordpress\/plugins\/seo\/ -->\n<title>Contactos - H\u00e9lder Mendes<\/title>\n<meta name=\"robots\" content=\"index, follow, max-snippet:-1, max-image-preview:large, max-video-preview:-1\" \/>\n<link rel=\"canonical\" href=\"http:\/\/heldermendes.com\/web\/en\/helder-mendes\/contactos\/\" \/>\n<meta property=\"og:locale\" content=\"en_GB\" \/>\n<meta property=\"og:type\" content=\"article\" \/>\n<meta property=\"og:title\" content=\"Contactos\" \/>\n<meta property=\"og:description\" content=\"Avenida Central de Seroa, 323 4595-415 Pa\u00e7os de Ferreira, Portugal +351 917 076 437 (chamada para rede m\u00f3vel nacional) helder@heldermendes.com Please enable JavaScript in your browser to complete this form.Nome *ContactoEmail *Assunto *Mensagem *Aceita\u00e7\u00e3o * * Confirmo que autorizo a utiliza\u00e7\u00e3o dos dados enviados para efeito de resposta. Os campos assinalados com * s\u00e3o de [&hellip;]\" \/>\n<meta property=\"og:url\" content=\"http:\/\/heldermendes.com\/web\/en\/helder-mendes\/contactos\/\" \/>\n<meta property=\"og:site_name\" content=\"H\u00e9lder Mendes\" \/>\n<meta property=\"article:modified_time\" content=\"2022-09-08T10:26:22+00:00\" \/>\n<meta name=\"twitter:card\" content=\"summary_large_image\" \/>\n<meta name=\"twitter:label1\" content=\"Estimated reading time\" \/>\n\t<meta name=\"twitter:data1\" content=\"1 minute\" \/>\n<script type=\"application\/ld+json\" class=\"yoast-schema-graph\">{\"@context\":\"https:\/\/schema.org\",\"@graph\":[{\"@type\":\"WebPage\",\"@id\":\"https:\/\/heldermendes.com\/web\/helder-mendes\/contactos\/\",\"url\":\"https:\/\/heldermendes.com\/web\/helder-mendes\/contactos\/\",\"name\":\"Contactos - H\u00e9lder Mendes\",\"isPartOf\":{\"@id\":\"https:\/\/heldermendes.com\/web\/#website\"},\"datePublished\":\"2021-12-30T09:09:40+00:00\",\"dateModified\":\"2022-09-08T10:26:22+00:00\",\"breadcrumb\":{\"@id\":\"https:\/\/heldermendes.com\/web\/helder-mendes\/contactos\/#breadcrumb\"},\"inLanguage\":\"en-GB\",\"potentialAction\":[{\"@type\":\"ReadAction\",\"target\":[\"https:\/\/heldermendes.com\/web\/helder-mendes\/contactos\/\"]}]},{\"@type\":\"BreadcrumbList\",\"@id\":\"https:\/\/heldermendes.com\/web\/helder-mendes\/contactos\/#breadcrumb\",\"itemListElement\":[{\"@type\":\"ListItem\",\"position\":1,\"name\":\"Home\",\"item\":\"https:\/\/heldermendes.com\/web\/\"},{\"@type\":\"ListItem\",\"position\":2,\"name\":\"H\u00e9lder Mendes\",\"item\":\"https:\/\/heldermendes.com\/web\/\"},{\"@type\":\"ListItem\",\"position\":3,\"name\":\"Contactos\"}]},{\"@type\":\"WebSite\",\"@id\":\"https:\/\/heldermendes.com\/web\/#website\",\"url\":\"https:\/\/heldermendes.com\/web\/\",\"name\":\"H\u00e9lder Mendes\",\"description\":\"Plastic Artist\",\"publisher\":{\"@id\":\"https:\/\/heldermendes.com\/web\/#\/schema\/person\/84d477aa34b13e5f57a50df6a51f47bb\"},\"potentialAction\":[{\"@type\":\"SearchAction\",\"target\":{\"@type\":\"EntryPoint\",\"urlTemplate\":\"https:\/\/heldermendes.com\/web\/?s={search_term_string}\"},\"query-input\":\"required name=search_term_string\"}],\"inLanguage\":\"en-GB\"},{\"@type\":[\"Person\",\"Organization\"],\"@id\":\"https:\/\/heldermendes.com\/web\/#\/schema\/person\/84d477aa34b13e5f57a50df6a51f47bb\",\"name\":\"Helder Mendes - High Studio\",\"image\":{\"@type\":\"ImageObject\",\"inLanguage\":\"en-GB\",\"@id\":\"https:\/\/heldermendes.com\/web\/#\/schema\/person\/image\/\",\"url\":\"https:\/\/i0.wp.com\/heldermendes.com\/web\/wp-content\/uploads\/2020\/07\/Helder-Mendes-Logo_Final-white.png?fit=539%2C251\",\"contentUrl\":\"https:\/\/i0.wp.com\/heldermendes.com\/web\/wp-content\/uploads\/2020\/07\/Helder-Mendes-Logo_Final-white.png?fit=539%2C251\",\"width\":539,\"height\":251,\"caption\":\"Helder Mendes - High Studio\"},\"logo\":{\"@id\":\"https:\/\/heldermendes.com\/web\/#\/schema\/person\/image\/\"}}]}<\/script>\n<!-- \/ Yoast SEO Premium plugin. -->","yoast_head_json":{"title":"Contactos - H\u00e9lder Mendes","robots":{"index":"index","follow":"follow","max-snippet":"max-snippet:-1","max-image-preview":"max-image-preview:large","max-video-preview":"max-video-preview:-1"},"canonical":"http:\/\/heldermendes.com\/web\/en\/helder-mendes\/contactos\/","og_locale":"en_GB","og_type":"article","og_title":"Contactos","og_description":"Avenida Central de Seroa, 323 4595-415 Pa\u00e7os de Ferreira, Portugal +351 917 076 437 (chamada para rede m\u00f3vel nacional) helder@heldermendes.com Please enable JavaScript in your browser to complete this form.Nome *ContactoEmail *Assunto *Mensagem *Aceita\u00e7\u00e3o * * Confirmo que autorizo a utiliza\u00e7\u00e3o dos dados enviados para efeito de resposta. Os campos assinalados com * s\u00e3o de [&hellip;]","og_url":"http:\/\/heldermendes.com\/web\/en\/helder-mendes\/contactos\/","og_site_name":"H\u00e9lder Mendes","article_modified_time":"2022-09-08T10:26:22+00:00","twitter_card":"summary_large_image","twitter_misc":{"Estimated reading time":"1 minute"},"schema":{"@context":"https:\/\/schema.org","@graph":[{"@type":"WebPage","@id":"https:\/\/heldermendes.com\/web\/helder-mendes\/contactos\/","url":"https:\/\/heldermendes.com\/web\/helder-mendes\/contactos\/","name":"Contactos - H\u00e9lder Mendes","isPartOf":{"@id":"https:\/\/heldermendes.com\/web\/#website"},"datePublished":"2021-12-30T09:09:40+00:00","dateModified":"2022-09-08T10:26:22+00:00","breadcrumb":{"@id":"https:\/\/heldermendes.com\/web\/helder-mendes\/contactos\/#breadcrumb"},"inLanguage":"en-GB","potentialAction":[{"@type":"ReadAction","target":["https:\/\/heldermendes.com\/web\/helder-mendes\/contactos\/"]}]},{"@type":"BreadcrumbList","@id":"https:\/\/heldermendes.com\/web\/helder-mendes\/contactos\/#breadcrumb","itemListElement":[{"@type":"ListItem","position":1,"name":"Home","item":"https:\/\/heldermendes.com\/web\/"},{"@type":"ListItem","position":2,"name":"H\u00e9lder Mendes","item":"https:\/\/heldermendes.com\/web\/"},{"@type":"ListItem","position":3,"name":"Contactos"}]},{"@type":"WebSite","@id":"https:\/\/heldermendes.com\/web\/#website","url":"https:\/\/heldermendes.com\/web\/","name":"H\u00e9lder Mendes","description":"Plastic Artist","publisher":{"@id":"https:\/\/heldermendes.com\/web\/#\/schema\/person\/84d477aa34b13e5f57a50df6a51f47bb"},"potentialAction":[{"@type":"SearchAction","target":{"@type":"EntryPoint","urlTemplate":"https:\/\/heldermendes.com\/web\/?s={search_term_string}"},"query-input":"required name=search_term_string"}],"inLanguage":"en-GB"},{"@type":["Person","Organization"],"@id":"https:\/\/heldermendes.com\/web\/#\/schema\/person\/84d477aa34b13e5f57a50df6a51f47bb","name":"Helder Mendes - High Studio","image":{"@type":"ImageObject","inLanguage":"en-GB","@id":"https:\/\/heldermendes.com\/web\/#\/schema\/person\/image\/","url":"https:\/\/i0.wp.com\/heldermendes.com\/web\/wp-content\/uploads\/2020\/07\/Helder-Mendes-Logo_Final-white.png?fit=539%2C251","contentUrl":"https:\/\/i0.wp.com\/heldermendes.com\/web\/wp-content\/uploads\/2020\/07\/Helder-Mendes-Logo_Final-white.png?fit=539%2C251","width":539,"height":251,"caption":"Helder Mendes - High Studio"},"logo":{"@id":"https:\/\/heldermendes.com\/web\/#\/schema\/person\/image\/"}}]}},"_links":{"self":[{"href":"http:\/\/heldermendes.com\/web\/en\/wp-json\/wp\/v2\/pages\/28762"}],"collection":[{"href":"http:\/\/heldermendes.com\/web\/en\/wp-json\/wp\/v2\/pages"}],"about":[{"href":"http:\/\/heldermendes.com\/web\/en\/wp-json\/wp\/v2\/types\/page"}],"author":[{"embeddable":true,"href":"http:\/\/heldermendes.com\/web\/en\/wp-json\/wp\/v2\/users\/2"}],"replies":[{"embeddable":true,"href":"http:\/\/heldermendes.com\/web\/en\/wp-json\/wp\/v2\/comments?post=28762"}],"version-history":[{"count":0,"href":"http:\/\/heldermendes.com\/web\/en\/wp-json\/wp\/v2\/pages\/28762\/revisions"}],"up":[{"embeddable":true,"href":"http:\/\/heldermendes.com\/web\/en\/wp-json\/wp\/v2\/pages\/28577"}],"wp:attachment":[{"href":"http:\/\/heldermendes.com\/web\/en\/wp-json\/wp\/v2\/media?parent=28762"}],"curies":[{"name":"wp","href":"https:\/\/api.w.org\/{rel}","templated":true}]}}