{"id":28740,"date":"2021-12-29T15:57:06","date_gmt":"2021-12-29T15:57:06","guid":{"rendered":"https:\/\/heldermendes.com\/web\/?page_id=28740"},"modified":"2021-12-30T19:20:52","modified_gmt":"2021-12-30T19:20:52","slug":"distincoes","status":"publish","type":"page","link":"http:\/\/heldermendes.com\/web\/en\/helder-mendes\/distincoes\/","title":{"rendered":"Distin\u00e7\u00f5es"},"content":{"rendered":"\t\t<div data-elementor-type=\"wp-page\" data-elementor-id=\"28740\" class=\"elementor elementor-28740\">\n\t\t\t\t\t\t<section class=\"has_ma_el_bg_slider elementor-section elementor-top-section elementor-element elementor-element-daa8a18 elementor-section-boxed elementor-section-height-default elementor-section-height-default jltma-glass-effect-no\" data-id=\"daa8a18\" data-element_type=\"section\" data-settings=\"{&quot;ekit_has_onepagescroll_dot&quot;:&quot;yes&quot;}\">\n\t\t\t\t\t\t<div class=\"elementor-container elementor-column-gap-default\">\n\t\t\t\t\t<div class=\"has_ma_el_bg_slider elementor-column elementor-col-100 elementor-top-column elementor-element elementor-element-21e2250 jltma-glass-effect-no\" data-id=\"21e2250\" data-element_type=\"column\">\n\t\t\t<div class=\"elementor-widget-wrap elementor-element-populated\">\n\t\t\t\t\t\t<div class=\"elementor-element elementor-element-5644dc3 jltma-glass-effect-no elementor-widget elementor-widget-heading\" data-id=\"5644dc3\" data-element_type=\"widget\" data-settings=\"{&quot;ekit_we_effect_on&quot;:&quot;none&quot;}\" data-widget_type=\"heading.default\">\n\t\t\t\t<div class=\"elementor-widget-container\">\n\t\t\t<style>\/*! elementor - v3.23.0 - 05-08-2024 *\/\n.elementor-heading-title{padding:0;margin:0;line-height:1}.elementor-widget-heading .elementor-heading-title[class*=elementor-size-]>a{color:inherit;font-size:inherit;line-height:inherit}.elementor-widget-heading .elementor-heading-title.elementor-size-small{font-size:15px}.elementor-widget-heading .elementor-heading-title.elementor-size-medium{font-size:19px}.elementor-widget-heading .elementor-heading-title.elementor-size-large{font-size:29px}.elementor-widget-heading .elementor-heading-title.elementor-size-xl{font-size:39px}.elementor-widget-heading .elementor-heading-title.elementor-size-xxl{font-size:59px}<\/style><h1 class=\"elementor-heading-title elementor-size-default\">Distin\u00e7\u00f5es<\/h1>\t\t<\/div>\n\t\t\t\t<\/div>\n\t\t\t\t\t<\/div>\n\t\t<\/div>\n\t\t\t\t\t<\/div>\n\t\t<\/section>\n\t\t\t\t<section class=\"has_ma_el_bg_slider elementor-section elementor-top-section elementor-element elementor-element-21a4af43 elementor-section-content-middle elementor-section-boxed elementor-section-height-default elementor-section-height-default jltma-glass-effect-no\" data-id=\"21a4af43\" data-element_type=\"section\" data-settings=\"{&quot;ekit_has_onepagescroll_dot&quot;:&quot;yes&quot;}\">\n\t\t\t\t\t\t<div class=\"elementor-container elementor-column-gap-no\">\n\t\t\t\t\t<div class=\"has_ma_el_bg_slider elementor-column elementor-col-100 elementor-top-column elementor-element elementor-element-7fb28a1a jltma-glass-effect-no\" data-id=\"7fb28a1a\" data-element_type=\"column\">\n\t\t\t<div class=\"elementor-widget-wrap elementor-element-populated\">\n\t\t\t\t\t\t<div class=\"elementor-element elementor-element-6e6fb7ee jltma-glass-effect-no elementor-widget elementor-widget-image\" data-id=\"6e6fb7ee\" data-element_type=\"widget\" data-settings=\"{&quot;ekit_we_effect_on&quot;:&quot;none&quot;}\" data-widget_type=\"image.default\">\n\t\t\t\t<div class=\"elementor-widget-container\">\n\t\t\t<style>\/*! elementor - v3.23.0 - 05-08-2024 *\/\n.elementor-widget-image{text-align:center}.elementor-widget-image a{display:inline-block}.elementor-widget-image a img[src$=\".svg\"]{width:48px}.elementor-widget-image img{vertical-align:middle;display:inline-block}<\/style>\t\t\t\t\t\t\t\t\t\t<img fetchpriority=\"high\" width=\"2500\" height=\"757\" src=\"https:\/\/i0.wp.com\/heldermendes.com\/web\/wp-content\/uploads\/2021\/12\/header-01.jpg?fit=2500%2C757\" class=\"attachment-full size-full wp-image-28745\" alt=\"H\u00e9lder Mendes - Plastic Artist\" srcset=\"https:\/\/i0.wp.com\/heldermendes.com\/web\/wp-content\/uploads\/2021\/12\/header-01.jpg?w=2500 2500w, https:\/\/i0.wp.com\/heldermendes.com\/web\/wp-content\/uploads\/2021\/12\/header-01.jpg?resize=300%2C91 300w, https:\/\/i0.wp.com\/heldermendes.com\/web\/wp-content\/uploads\/2021\/12\/header-01.jpg?resize=1024%2C310 1024w, https:\/\/i0.wp.com\/heldermendes.com\/web\/wp-content\/uploads\/2021\/12\/header-01.jpg?resize=768%2C233 768w, https:\/\/i0.wp.com\/heldermendes.com\/web\/wp-content\/uploads\/2021\/12\/header-01.jpg?resize=1536%2C465 1536w, https:\/\/i0.wp.com\/heldermendes.com\/web\/wp-content\/uploads\/2021\/12\/header-01.jpg?resize=2048%2C620 2048w, https:\/\/i0.wp.com\/heldermendes.com\/web\/wp-content\/uploads\/2021\/12\/header-01.jpg?resize=18%2C5 18w, https:\/\/i0.wp.com\/heldermendes.com\/web\/wp-content\/uploads\/2021\/12\/header-01.jpg?resize=1080%2C327 1080w, https:\/\/i0.wp.com\/heldermendes.com\/web\/wp-content\/uploads\/2021\/12\/header-01.jpg?resize=1280%2C388 1280w, https:\/\/i0.wp.com\/heldermendes.com\/web\/wp-content\/uploads\/2021\/12\/header-01.jpg?resize=980%2C297 980w, https:\/\/i0.wp.com\/heldermendes.com\/web\/wp-content\/uploads\/2021\/12\/header-01.jpg?resize=480%2C145 480w, https:\/\/i0.wp.com\/heldermendes.com\/web\/wp-content\/uploads\/2021\/12\/header-01.jpg?w=1600 1600w, https:\/\/i0.wp.com\/heldermendes.com\/web\/wp-content\/uploads\/2021\/12\/header-01.jpg?w=2400 2400w\" sizes=\"(max-width: 800px) 100vw, 800px\" \/>\t\t\t\t\t\t\t\t\t\t\t\t\t<\/div>\n\t\t\t\t<\/div>\n\t\t\t\t\t<\/div>\n\t\t<\/div>\n\t\t\t\t\t<\/div>\n\t\t<\/section>\n\t\t\t\t<section class=\"has_ma_el_bg_slider elementor-section elementor-top-section elementor-element elementor-element-32d13c8 elementor-section-content-middle elementor-section-boxed elementor-section-height-default elementor-section-height-default jltma-glass-effect-no\" data-id=\"32d13c8\" data-element_type=\"section\" data-settings=\"{&quot;ekit_has_onepagescroll_dot&quot;:&quot;yes&quot;}\">\n\t\t\t\t\t\t<div class=\"elementor-container elementor-column-gap-no\">\n\t\t\t\t\t<div class=\"has_ma_el_bg_slider elementor-column elementor-col-100 elementor-top-column elementor-element elementor-element-518bccc jltma-glass-effect-no\" data-id=\"518bccc\" data-element_type=\"column\">\n\t\t\t<div class=\"elementor-widget-wrap elementor-element-populated\">\n\t\t\t\t\t\t<div class=\"elementor-element elementor-element-3095fac jltma-glass-effect-no elementor-widget elementor-widget-pp-timeline\" data-id=\"3095fac\" data-element_type=\"widget\" data-settings=\"{&quot;direction&quot;:&quot;left&quot;,&quot;layout&quot;:&quot;vertical&quot;,&quot;direction_tablet&quot;:&quot;left&quot;,&quot;direction_mobile&quot;:&quot;left&quot;,&quot;ekit_we_effect_on&quot;:&quot;none&quot;}\" data-widget_type=\"pp-timeline.default\">\n\t\t\t\t<div class=\"elementor-widget-container\">\n\t\t\t\t\t<div class=\"pp-timeline-wrapper\">\n\t\t\t\n\t\t\t<div class=\"pp-timeline pp-timeline-vertical pp-timeline-left pp-timeline-tablet-left pp-timeline-mobile-left pp-timeline-arrows-top\" data-timeline-layout=\"vertical\">\n\t\t\t\t\t\t\t\t\t<div class=\"pp-timeline-connector-wrap\">\n\t\t\t\t\t\t<div class=\"pp-timeline-connector\">\n\t\t\t\t\t\t\t<div class=\"pp-timeline-connector-inner\">\n\t\t\t\t\t\t\t<\/div>\n\t\t\t\t\t\t<\/div>\n\t\t\t\t\t<\/div>\n\t\t\t\t\t\t\t\t<div class=\"pp-timeline-items\">\n\t\t\t\t\t\t\t<div class=\"pp-timeline-item pp-timeline-item-left elementor-repeater-item-50c9aa1\">\n\t\t\t\t<div class=\"pp-timeline-card-wrapper\">\n\t\t\t\t\t\t\t\t\t\t\t\t\t\t\t<div class=\"pp-timeline-card\">\n\t\t\t\t\t\t\t\t\t\t\t\t\t\t\t\t\t\t\t\t\t\t\t\t\t<div class=\"pp-timeline-card-content\">\n\t\t\t\t\t\t\t\t<p>\u00b7 Men\u00e7\u00e3o Honrosa, 5\u00aa Exp. Jovens Pintores Fidelidade, Lisboa;<\/p><p>\u00b7 Men\u00e7\u00e3o Honrosa, XI Sal\u00e3o de Primavera, Galeria de Arte, Casino Estoril, Cascais;<\/p>\t\t\t\t\t\t\t<\/div>\n\t\t\t\t\t\t\t\t\t\t\t<\/div>\n\t\t\t\t\t\t\t\t\t\t<\/a>\n\t\t\t\t\t\t\t\t\t<\/div>\n\n\t\t\t\t\t\t\t\t\t\t\t<div class=\"pp-timeline-marker-wrapper\">\n\t\t\t\n\t\t\t<div class=\"pp-timeline-marker\">\n\t\t\t\t1998\t\t\t<\/div>\n\t\t<\/div>\n\t\t\t\t\t<div class=\"pp-timeline-card-date-wrapper\">\n\t\t\t\t\t\t\t<\/div>\n\t\t\t\t\t\t\t\t\t\t\t<\/div>\n\t\t\t\t\t\t<div class=\"pp-timeline-item pp-timeline-item-right elementor-repeater-item-6f9b77e\">\n\t\t\t\t<div class=\"pp-timeline-card-wrapper\">\n\t\t\t\t\t\t\t\t\t\t\t\t\t\t\t<div class=\"pp-timeline-card\">\n\t\t\t\t\t\t\t\t\t\t\t\t\t\t\t\t\t\t\t\t\t\t\t\t\t<div class=\"pp-timeline-card-content\">\n\t\t\t\t\t\t\t\t\u00b7 Pr\u00e9mio Aquisi\u00e7\u00e3o Baviera- Funda\u00e7\u00e3o de Serralves, Vila Nova de Cerveira;\t\t\t\t\t\t\t<\/div>\n\t\t\t\t\t\t\t\t\t\t\t<\/div>\n\t\t\t\t\t\t\t\t\t\t<\/a>\n\t\t\t\t\t\t\t\t\t<\/div>\n\n\t\t\t\t\t\t\t\t\t\t\t<div class=\"pp-timeline-marker-wrapper\">\n\t\t\t\n\t\t\t<div class=\"pp-timeline-marker\">\n\t\t\t\t1999\t\t\t<\/div>\n\t\t<\/div>\n\t\t\t\t\t<div class=\"pp-timeline-card-date-wrapper\">\n\t\t\t\t\t\t\t<\/div>\n\t\t\t\t\t\t\t\t\t\t\t<\/div>\n\t\t\t\t\t\t<div class=\"pp-timeline-item pp-timeline-item-left elementor-repeater-item-8d722c9\">\n\t\t\t\t<div class=\"pp-timeline-card-wrapper\">\n\t\t\t\t\t\t\t\t\t\t\t\t\t\t\t<div class=\"pp-timeline-card\">\n\t\t\t\t\t\t\t\t\t\t\t\t\t\t\t\t\t\t\t\t\t\t\t\t\t<div class=\"pp-timeline-card-content\">\n\t\t\t\t\t\t\t\t<p>\u00b7 Men\u00e7\u00e3o Honrosa XIII Sal\u00e3o de Primavera, Galeria de Arte, Casino Estoril, Cascais;<\/p><p>\u00b7 3\u00ba Pr\u00e9mio na 1\u00aa bienal de Pintura Arte Jovem de Penafiel, Penafiel;<\/p>\t\t\t\t\t\t\t<\/div>\n\t\t\t\t\t\t\t\t\t\t\t<\/div>\n\t\t\t\t\t\t\t\t\t\t<\/a>\n\t\t\t\t\t\t\t\t\t<\/div>\n\n\t\t\t\t\t\t\t\t\t\t\t<div class=\"pp-timeline-marker-wrapper\">\n\t\t\t\n\t\t\t<div class=\"pp-timeline-marker\">\n\t\t\t\t2000\t\t\t<\/div>\n\t\t<\/div>\n\t\t\t\t\t<div class=\"pp-timeline-card-date-wrapper\">\n\t\t\t\t\t\t\t<\/div>\n\t\t\t\t\t\t\t\t\t\t\t<\/div>\n\t\t\t\t\t\t<div class=\"pp-timeline-item pp-timeline-item-right elementor-repeater-item-49e4a4a\">\n\t\t\t\t<div class=\"pp-timeline-card-wrapper\">\n\t\t\t\t\t\t\t\t\t\t\t\t\t\t\t<div class=\"pp-timeline-card\">\n\t\t\t\t\t\t\t\t\t\t\t\t\t\t\t\t\t\t\t\t\t\t\t\t\t<div class=\"pp-timeline-card-content\">\n\t\t\t\t\t\t\t\t<p>\u00b7 1\u00ba Pr\u00e9mio Rotary Internacional;<\/p><p>\u00b7 Medalha de Honra, Pr\u00e9mio D. Fernando II, Sintra;<\/p><p>\u00b7 Men\u00e7\u00e3o Honrosa Especial, \u201cCultura Aberta\/Porto;<\/p><p>\u00b7 Men\u00e7\u00e3o Honrosa XIV Sal\u00e3o de Primavera, Galeria de Arte, Casino Estoril, Cascais;<\/p>\t\t\t\t\t\t\t<\/div>\n\t\t\t\t\t\t\t\t\t\t\t<\/div>\n\t\t\t\t\t\t\t\t\t\t<\/a>\n\t\t\t\t\t\t\t\t\t<\/div>\n\n\t\t\t\t\t\t\t\t\t\t\t<div class=\"pp-timeline-marker-wrapper\">\n\t\t\t\n\t\t\t<div class=\"pp-timeline-marker\">\n\t\t\t\t2001\t\t\t<\/div>\n\t\t<\/div>\n\t\t\t\t\t<div class=\"pp-timeline-card-date-wrapper\">\n\t\t\t\t\t\t\t<\/div>\n\t\t\t\t\t\t\t\t\t\t\t<\/div>\n\t\t\t\t\t\t<div class=\"pp-timeline-item pp-timeline-item-left elementor-repeater-item-778f152\">\n\t\t\t\t<div class=\"pp-timeline-card-wrapper\">\n\t\t\t\t\t\t\t\t\t\t\t\t\t\t\t<div class=\"pp-timeline-card\">\n\t\t\t\t\t\t\t\t\t\t\t\t\t\t\t\t\t\t\t\t\t\t\t\t\t<div class=\"pp-timeline-card-content\">\n\t\t\t\t\t\t\t\t<p>\u00b7 Men\u00e7\u00e3o Honrosa (Pintura) XV Sal\u00e3o de Primavera, Galeria de Arte, Casino Estoril;<\/p><p>\u00b7 Men\u00e7\u00e3o Honrosa (Pintura) D. Fernando II, Sintra;<\/p>\t\t\t\t\t\t\t<\/div>\n\t\t\t\t\t\t\t\t\t\t\t<\/div>\n\t\t\t\t\t\t\t\t\t\t<\/a>\n\t\t\t\t\t\t\t\t\t<\/div>\n\n\t\t\t\t\t\t\t\t\t\t\t<div class=\"pp-timeline-marker-wrapper\">\n\t\t\t\n\t\t\t<div class=\"pp-timeline-marker\">\n\t\t\t\t2002\t\t\t<\/div>\n\t\t<\/div>\n\t\t\t\t\t<div class=\"pp-timeline-card-date-wrapper\">\n\t\t\t\t\t\t\t<\/div>\n\t\t\t\t\t\t\t\t\t\t\t<\/div>\n\t\t\t\t\t\t<div class=\"pp-timeline-item pp-timeline-item-right elementor-repeater-item-c5d1cbf\">\n\t\t\t\t<div class=\"pp-timeline-card-wrapper\">\n\t\t\t\t\t\t\t\t\t\t\t\t\t\t\t<div class=\"pp-timeline-card\">\n\t\t\t\t\t\t\t\t\t\t\t\t\t\t\t\t\t\t\t\t\t\t\t\t\t<div class=\"pp-timeline-card-content\">\n\t\t\t\t\t\t\t\t\u00b7 1\u00ba Pr\u00e9mio de Pintura D. Fernando II, Sintra;\t\t\t\t\t\t\t<\/div>\n\t\t\t\t\t\t\t\t\t\t\t<\/div>\n\t\t\t\t\t\t\t\t\t\t<\/a>\n\t\t\t\t\t\t\t\t\t<\/div>\n\n\t\t\t\t\t\t\t\t\t\t\t<div class=\"pp-timeline-marker-wrapper\">\n\t\t\t\n\t\t\t<div class=\"pp-timeline-marker\">\n\t\t\t\t2003\t\t\t<\/div>\n\t\t<\/div>\n\t\t\t\t\t<div class=\"pp-timeline-card-date-wrapper\">\n\t\t\t\t\t\t\t<\/div>\n\t\t\t\t\t\t\t\t\t\t\t<\/div>\n\t\t\t\t\t\t<div class=\"pp-timeline-item pp-timeline-item-left elementor-repeater-item-64a027a\">\n\t\t\t\t<div class=\"pp-timeline-card-wrapper\">\n\t\t\t\t\t\t\t\t\t\t\t\t\t\t\t<div class=\"pp-timeline-card\">\n\t\t\t\t\t\t\t\t\t\t\t\t\t\t\t\t\t\t\t\t\t\t\t\t\t<div class=\"pp-timeline-card-content\">\n\t\t\t\t\t\t\t\t\u00b7 Men\u00e7\u00e3o Honrosa (Escultura) D. Fernando II, Sintra.\t\t\t\t\t\t\t<\/div>\n\t\t\t\t\t\t\t\t\t\t\t<\/div>\n\t\t\t\t\t\t\t\t\t\t<\/a>\n\t\t\t\t\t\t\t\t\t<\/div>\n\n\t\t\t\t\t\t\t\t\t\t\t<div class=\"pp-timeline-marker-wrapper\">\n\t\t\t\n\t\t\t<div class=\"pp-timeline-marker\">\n\t\t\t\t2004\t\t\t<\/div>\n\t\t<\/div>\n\t\t\t\t\t<div class=\"pp-timeline-card-date-wrapper\">\n\t\t\t\t\t\t\t<\/div>\n\t\t\t\t\t\t\t\t\t\t\t<\/div>\n\t\t\t\t\t\t\t<\/div>\n\t\t\t<\/div>\n\t\t<\/div>\n\t\t\t\t<\/div>\n\t\t\t\t<\/div>\n\t\t\t\t\t<\/div>\n\t\t<\/div>\n\t\t\t\t\t<\/div>\n\t\t<\/section>\n\t\t\t\t<\/div>\n\t\t","protected":false},"excerpt":{"rendered":"<p>\u00b7 Men\u00e7\u00e3o Honrosa, 5\u00aa Exp. Jovens Pintores Fidelidade, Lisboa; \u00b7 Men\u00e7\u00e3o Honrosa, XI Sal\u00e3o de Primavera, Galeria de Arte, Casino Estoril, Cascais; 1998 \u00b7 Pr\u00e9mio Aquisi\u00e7\u00e3o Baviera- Funda\u00e7\u00e3o de Serralves, Vila Nova de Cerveira; 1999 \u00b7 Men\u00e7\u00e3o Honrosa XIII Sal\u00e3o de Primavera, Galeria de Arte, Casino Estoril, Cascais; \u00b7 3\u00ba Pr\u00e9mio na 1\u00aa bienal de [&hellip;]<\/p>\n","protected":false},"author":2,"featured_media":0,"parent":28577,"menu_order":5,"comment_status":"closed","ping_status":"closed","template":"elementor_header_footer","meta":[],"acf":[],"yoast_head":"<!-- This site is optimized with the Yoast SEO Premium plugin v19.2.1 (Yoast SEO v20.6) - https:\/\/yoast.com\/wordpress\/plugins\/seo\/ -->\n<title>Distin\u00e7\u00f5es - H\u00e9lder Mendes<\/title>\n<meta name=\"robots\" content=\"index, follow, max-snippet:-1, max-image-preview:large, max-video-preview:-1\" \/>\n<link rel=\"canonical\" href=\"http:\/\/heldermendes.com\/web\/en\/helder-mendes\/distincoes\/\" \/>\n<meta property=\"og:locale\" content=\"en_GB\" \/>\n<meta property=\"og:type\" content=\"article\" \/>\n<meta property=\"og:title\" content=\"Distin\u00e7\u00f5es\" \/>\n<meta property=\"og:description\" content=\"\u00b7 Men\u00e7\u00e3o Honrosa, 5\u00aa Exp. Jovens Pintores Fidelidade, Lisboa; \u00b7 Men\u00e7\u00e3o Honrosa, XI Sal\u00e3o de Primavera, Galeria de Arte, Casino Estoril, Cascais; 1998 \u00b7 Pr\u00e9mio Aquisi\u00e7\u00e3o Baviera- Funda\u00e7\u00e3o de Serralves, Vila Nova de Cerveira; 1999 \u00b7 Men\u00e7\u00e3o Honrosa XIII Sal\u00e3o de Primavera, Galeria de Arte, Casino Estoril, Cascais; \u00b7 3\u00ba Pr\u00e9mio na 1\u00aa bienal de [&hellip;]\" \/>\n<meta property=\"og:url\" content=\"http:\/\/heldermendes.com\/web\/en\/helder-mendes\/distincoes\/\" \/>\n<meta property=\"og:site_name\" content=\"H\u00e9lder Mendes\" \/>\n<meta property=\"article:modified_time\" content=\"2021-12-30T19:20:52+00:00\" \/>\n<meta property=\"og:image\" content=\"http:\/\/heldermendes.com\/web\/wp-content\/uploads\/2021\/12\/header-01.jpg\" \/>\n<meta name=\"twitter:card\" content=\"summary_large_image\" \/>\n<meta name=\"twitter:label1\" content=\"Estimated reading time\" \/>\n\t<meta name=\"twitter:data1\" content=\"1 minute\" \/>\n<script type=\"application\/ld+json\" class=\"yoast-schema-graph\">{\"@context\":\"https:\/\/schema.org\",\"@graph\":[{\"@type\":\"WebPage\",\"@id\":\"http:\/\/heldermendes.com\/web\/en\/helder-mendes\/distincoes\/\",\"url\":\"http:\/\/heldermendes.com\/web\/en\/helder-mendes\/distincoes\/\",\"name\":\"Distin\u00e7\u00f5es - H\u00e9lder Mendes\",\"isPartOf\":{\"@id\":\"https:\/\/heldermendes.com\/web\/#website\"},\"datePublished\":\"2021-12-29T15:57:06+00:00\",\"dateModified\":\"2021-12-30T19:20:52+00:00\",\"breadcrumb\":{\"@id\":\"http:\/\/heldermendes.com\/web\/en\/helder-mendes\/distincoes\/#breadcrumb\"},\"inLanguage\":\"en-GB\",\"potentialAction\":[{\"@type\":\"ReadAction\",\"target\":[\"http:\/\/heldermendes.com\/web\/en\/helder-mendes\/distincoes\/\"]}]},{\"@type\":\"BreadcrumbList\",\"@id\":\"http:\/\/heldermendes.com\/web\/en\/helder-mendes\/distincoes\/#breadcrumb\",\"itemListElement\":[{\"@type\":\"ListItem\",\"position\":1,\"name\":\"Home\",\"item\":\"https:\/\/heldermendes.com\/web\/\"},{\"@type\":\"ListItem\",\"position\":2,\"name\":\"H\u00e9lder Mendes\",\"item\":\"https:\/\/heldermendes.com\/web\/\"},{\"@type\":\"ListItem\",\"position\":3,\"name\":\"Distin\u00e7\u00f5es\"}]},{\"@type\":\"WebSite\",\"@id\":\"https:\/\/heldermendes.com\/web\/#website\",\"url\":\"https:\/\/heldermendes.com\/web\/\",\"name\":\"H\u00e9lder Mendes\",\"description\":\"Plastic Artist\",\"publisher\":{\"@id\":\"https:\/\/heldermendes.com\/web\/#\/schema\/person\/84d477aa34b13e5f57a50df6a51f47bb\"},\"potentialAction\":[{\"@type\":\"SearchAction\",\"target\":{\"@type\":\"EntryPoint\",\"urlTemplate\":\"https:\/\/heldermendes.com\/web\/?s={search_term_string}\"},\"query-input\":\"required name=search_term_string\"}],\"inLanguage\":\"en-GB\"},{\"@type\":[\"Person\",\"Organization\"],\"@id\":\"https:\/\/heldermendes.com\/web\/#\/schema\/person\/84d477aa34b13e5f57a50df6a51f47bb\",\"name\":\"Helder Mendes - High Studio\",\"image\":{\"@type\":\"ImageObject\",\"inLanguage\":\"en-GB\",\"@id\":\"https:\/\/heldermendes.com\/web\/#\/schema\/person\/image\/\",\"url\":\"https:\/\/i0.wp.com\/heldermendes.com\/web\/wp-content\/uploads\/2020\/07\/Helder-Mendes-Logo_Final-white.png?fit=539%2C251\",\"contentUrl\":\"https:\/\/i0.wp.com\/heldermendes.com\/web\/wp-content\/uploads\/2020\/07\/Helder-Mendes-Logo_Final-white.png?fit=539%2C251\",\"width\":539,\"height\":251,\"caption\":\"Helder Mendes - High Studio\"},\"logo\":{\"@id\":\"https:\/\/heldermendes.com\/web\/#\/schema\/person\/image\/\"}}]}<\/script>\n<!-- \/ Yoast SEO Premium plugin. -->","yoast_head_json":{"title":"Distin\u00e7\u00f5es - H\u00e9lder Mendes","robots":{"index":"index","follow":"follow","max-snippet":"max-snippet:-1","max-image-preview":"max-image-preview:large","max-video-preview":"max-video-preview:-1"},"canonical":"http:\/\/heldermendes.com\/web\/en\/helder-mendes\/distincoes\/","og_locale":"en_GB","og_type":"article","og_title":"Distin\u00e7\u00f5es","og_description":"\u00b7 Men\u00e7\u00e3o Honrosa, 5\u00aa Exp. Jovens Pintores Fidelidade, Lisboa; \u00b7 Men\u00e7\u00e3o Honrosa, XI Sal\u00e3o de Primavera, Galeria de Arte, Casino Estoril, Cascais; 1998 \u00b7 Pr\u00e9mio Aquisi\u00e7\u00e3o Baviera- Funda\u00e7\u00e3o de Serralves, Vila Nova de Cerveira; 1999 \u00b7 Men\u00e7\u00e3o Honrosa XIII Sal\u00e3o de Primavera, Galeria de Arte, Casino Estoril, Cascais; \u00b7 3\u00ba Pr\u00e9mio na 1\u00aa bienal de [&hellip;]","og_url":"http:\/\/heldermendes.com\/web\/en\/helder-mendes\/distincoes\/","og_site_name":"H\u00e9lder Mendes","article_modified_time":"2021-12-30T19:20:52+00:00","og_image":[{"url":"http:\/\/heldermendes.com\/web\/wp-content\/uploads\/2021\/12\/header-01.jpg"}],"twitter_card":"summary_large_image","twitter_misc":{"Estimated reading time":"1 minute"},"schema":{"@context":"https:\/\/schema.org","@graph":[{"@type":"WebPage","@id":"http:\/\/heldermendes.com\/web\/en\/helder-mendes\/distincoes\/","url":"http:\/\/heldermendes.com\/web\/en\/helder-mendes\/distincoes\/","name":"Distin\u00e7\u00f5es - H\u00e9lder Mendes","isPartOf":{"@id":"https:\/\/heldermendes.com\/web\/#website"},"datePublished":"2021-12-29T15:57:06+00:00","dateModified":"2021-12-30T19:20:52+00:00","breadcrumb":{"@id":"http:\/\/heldermendes.com\/web\/en\/helder-mendes\/distincoes\/#breadcrumb"},"inLanguage":"en-GB","potentialAction":[{"@type":"ReadAction","target":["http:\/\/heldermendes.com\/web\/en\/helder-mendes\/distincoes\/"]}]},{"@type":"BreadcrumbList","@id":"http:\/\/heldermendes.com\/web\/en\/helder-mendes\/distincoes\/#breadcrumb","itemListElement":[{"@type":"ListItem","position":1,"name":"Home","item":"https:\/\/heldermendes.com\/web\/"},{"@type":"ListItem","position":2,"name":"H\u00e9lder Mendes","item":"https:\/\/heldermendes.com\/web\/"},{"@type":"ListItem","position":3,"name":"Distin\u00e7\u00f5es"}]},{"@type":"WebSite","@id":"https:\/\/heldermendes.com\/web\/#website","url":"https:\/\/heldermendes.com\/web\/","name":"H\u00e9lder Mendes","description":"Plastic Artist","publisher":{"@id":"https:\/\/heldermendes.com\/web\/#\/schema\/person\/84d477aa34b13e5f57a50df6a51f47bb"},"potentialAction":[{"@type":"SearchAction","target":{"@type":"EntryPoint","urlTemplate":"https:\/\/heldermendes.com\/web\/?s={search_term_string}"},"query-input":"required name=search_term_string"}],"inLanguage":"en-GB"},{"@type":["Person","Organization"],"@id":"https:\/\/heldermendes.com\/web\/#\/schema\/person\/84d477aa34b13e5f57a50df6a51f47bb","name":"Helder Mendes - High Studio","image":{"@type":"ImageObject","inLanguage":"en-GB","@id":"https:\/\/heldermendes.com\/web\/#\/schema\/person\/image\/","url":"https:\/\/i0.wp.com\/heldermendes.com\/web\/wp-content\/uploads\/2020\/07\/Helder-Mendes-Logo_Final-white.png?fit=539%2C251","contentUrl":"https:\/\/i0.wp.com\/heldermendes.com\/web\/wp-content\/uploads\/2020\/07\/Helder-Mendes-Logo_Final-white.png?fit=539%2C251","width":539,"height":251,"caption":"Helder Mendes - High Studio"},"logo":{"@id":"https:\/\/heldermendes.com\/web\/#\/schema\/person\/image\/"}}]}},"_links":{"self":[{"href":"http:\/\/heldermendes.com\/web\/en\/wp-json\/wp\/v2\/pages\/28740"}],"collection":[{"href":"http:\/\/heldermendes.com\/web\/en\/wp-json\/wp\/v2\/pages"}],"about":[{"href":"http:\/\/heldermendes.com\/web\/en\/wp-json\/wp\/v2\/types\/page"}],"author":[{"embeddable":true,"href":"http:\/\/heldermendes.com\/web\/en\/wp-json\/wp\/v2\/users\/2"}],"replies":[{"embeddable":true,"href":"http:\/\/heldermendes.com\/web\/en\/wp-json\/wp\/v2\/comments?post=28740"}],"version-history":[{"count":0,"href":"http:\/\/heldermendes.com\/web\/en\/wp-json\/wp\/v2\/pages\/28740\/revisions"}],"up":[{"embeddable":true,"href":"http:\/\/heldermendes.com\/web\/en\/wp-json\/wp\/v2\/pages\/28577"}],"wp:attachment":[{"href":"http:\/\/heldermendes.com\/web\/en\/wp-json\/wp\/v2\/media?parent=28740"}],"curies":[{"name":"wp","href":"https:\/\/api.w.org\/{rel}","templated":true}]}}